{"id":6,"date":"2024-04-22T16:07:05","date_gmt":"2024-04-22T14:07:05","guid":{"rendered":"https:\/\/homepage.ploucquet.eu\/?page_id=6"},"modified":"2026-01-19T14:53:03","modified_gmt":"2026-01-19T13:53:03","slug":"startseite","status":"publish","type":"page","link":"https:\/\/ploucquet.eu\/en\/","title":{"rendered":"Home"},"content":{"rendered":"<div class=\"wp-block-group alignfull is-layout-flow wp-block-group-is-layout-flow\" style=\"margin-top:0;margin-bottom:0;padding-top:0;padding-bottom:0\">\n<div class=\"wp-block-cover is-style-default has-aspect-ratio wp-duotone-duotone-1\" style=\"margin-top:0;margin-bottom:0;padding-right:0;padding-left:0;min-height:40rem;aspect-ratio:auto;min-height:unset;\"><video class=\"wp-block-cover__video-background intrinsic-ignore\" autoplay muted loop playsinline src=\"https:\/\/homepage.ploucquet.eu\/wp-content\/uploads\/2024\/09\/Cover.mp4\" data-object-fit=\"cover\"><\/video><span aria-hidden=\"true\" class=\"wp-block-cover__background has-background-dim-100 has-background-dim wp-block-cover__gradient-background has-background-gradient\" style=\"background:linear-gradient(135deg,rgba(241,31,35,0.45) 0%,rgba(66,100,162,0.66) 100%)\"><\/span><div class=\"wp-block-cover__inner-container has-global-padding is-layout-constrained wp-container-core-cover-is-layout-8798a6cd wp-block-cover-is-layout-constrained\">\n<div class=\"wp-block-group alignfull has-global-padding is-layout-constrained wp-container-core-group-is-layout-6a7b5817 wp-block-group-is-layout-constrained\" style=\"margin-top:0;margin-bottom:0;padding-top:var(--wp--preset--spacing--50);padding-right:var(--wp--preset--spacing--30);padding-bottom:var(--wp--preset--spacing--50);padding-left:var(--wp--preset--spacing--30)\">\n<h1 class=\"wp-block-heading has-text-align-center is-style-default has-base-color has-text-color has-link-color wp-elements-d0df0c27fb2f30b3927a0e9cdc432d25\" style=\"font-size:clamp(1.743rem, 1.743rem + ((1vw - 0.2rem) * 2.095), 3rem);font-style:normal;font-weight:600\">We excel in professional textile finishing<\/h1>\n\n\n\n<p class=\"has-text-align-center has-base-color has-text-color has-link-color wp-elements-96f54637127185ae456ca57130fef945\" style=\"margin-top:0.6rem;margin-right:0;margin-bottom:0.6rem;margin-left:0;padding-top:0;padding-right:var(--wp--preset--spacing--40);padding-bottom:0;padding-left:var(--wp--preset--spacing--40);font-size:1rem;line-height:1.5\">Ploucquet is your expert for high-quality textile finishing. We offer customized solutions for your individual needs.<\/p>\n\n\n\n<div class=\"wp-block-buttons is-content-justification-center is-layout-flex wp-container-core-buttons-is-layout-d565fcec wp-block-buttons-is-layout-flex\" style=\"margin-top:var(--wp--preset--spacing--20);margin-bottom:var(--wp--preset--spacing--20)\">\n<div class=\"wp-block-button is-style-fill\"><a class=\"wp-block-button__link has-custom-y-in-mn-blue-background-color has-background has-text-align-center wp-element-button\" href=\"#was-ist-ploucquet\" style=\"box-shadow:var(--wp--preset--shadow--natural)\">Learn more<\/a><\/div>\n\n\n\n<div class=\"wp-block-button is-style-outline is-style-outline--1\"><a class=\"wp-block-button__link has-border-color has-base-2-border-color has-text-align-center wp-element-button\" href=\"https:\/\/homepage.ploucquet.eu\/kontakt\/\" style=\"box-shadow:var(--wp--preset--shadow--natural)\" target=\"_blank\" rel=\"noopener noreferrer nofollow\">Contact us<\/a><\/div>\n<\/div>\n<\/div>\n<\/div><\/div>\n<\/div>\n\n\n\n<div class=\"wp-block-group alignfull has-contrast-background-color has-background has-global-padding is-layout-constrained wp-container-core-group-is-layout-d89aad35 wp-block-group-is-layout-constrained\" style=\"margin-top:0;margin-bottom:0;padding-top:var(--wp--preset--spacing--50);padding-right:var(--wp--preset--spacing--50);padding-bottom:var(--wp--preset--spacing--50);padding-left:var(--wp--preset--spacing--50)\">\n<div class=\"wp-block-group alignfull has-global-padding is-layout-constrained wp-block-group-is-layout-constrained\">\n<div class=\"wp-block-columns alignwide tw-cols-stack-md is-layout-flex wp-container-core-columns-is-layout-92eb02c5 wp-block-columns-is-layout-flex tw-large-gap\">\n<div class=\"wp-block-column is-style-default has-global-padding is-layout-constrained wp-block-column-is-layout-constrained\">\n<h2 class=\"wp-block-heading alignwide is-style-default has-base-color has-text-color has-link-color wp-elements-fb25098bcee8e95fa882d38ce5b1dfe3\" style=\"font-size:clamp(1.146rem, 1.146rem + ((1vw - 0.2rem) * 1.09), 1.8rem);\">What is Ploucquet?<\/h2>\n<\/div>\n\n\n\n<div class=\"wp-block-column has-base-color has-text-color has-link-color wp-elements-ae7f903c66b520a19e8ec77f0e1b2d4a has-global-padding is-layout-constrained wp-block-column-is-layout-constrained\">\n<p style=\"font-size:1rem\">A product is only as good as its idea and the knowledge behind it. Ploucquet has been a reliable source of inspiration and textile know-how since 1806.<\/p>\n\n\n\n<p style=\"font-size:1rem\">Our services are the result of careful planning and precise realisation that meet the high demands of our customers.<\/p>\n<\/div>\n<\/div>\n<\/div>\n<\/div>\n\n\n\n<div class=\"wp-block-group alignfull has-global-padding is-layout-constrained wp-container-core-group-is-layout-605de7ad wp-block-group-is-layout-constrained\" style=\"margin-top:0;margin-bottom:0;padding-top:var(--wp--preset--spacing--20);padding-bottom:var(--wp--preset--spacing--20)\">\n<div class=\"wp-block-group alignfull has-base-background-color has-background has-global-padding is-layout-constrained wp-container-core-group-is-layout-06bdb20d wp-block-group-is-layout-constrained\" style=\"border-style:none;border-width:0px;border-radius:0px;padding-top:var(--wp--preset--spacing--50);padding-right:var(--wp--preset--spacing--50);padding-bottom:0;padding-left:var(--wp--preset--spacing--50)\">\n<h2 class=\"wp-block-heading has-text-align-center\" style=\"font-size:clamp(1.146rem, 1.146rem + ((1vw - 0.2rem) * 1.09), 1.8rem);\">Awarded and certified<\/h2>\n\n\n\n<p class=\"has-text-align-center\" style=\"font-size:1rem\">We value the responsible use of natural resources in our environment<\/p>\n\n\n\n<div class=\"wp-block-group alignfull has-base-background-color has-background is-horizontal is-content-justification-center is-layout-flex wp-container-core-group-is-layout-fda4471e wp-block-group-is-layout-flex\" style=\"padding-top:0;padding-right:0;padding-bottom:0;padding-left:0\">\n\n\n<figure class=\"wp-block-image size-full is-resized\"><img loading=\"lazy\" decoding=\"async\" width=\"250\" height=\"250\" src=\"https:\/\/homepage.ploucquet.eu\/wp-content\/uploads\/2024\/07\/Logo_2.jpg\" alt=\"\" class=\"wp-image-1543\" style=\"aspect-ratio:1.3333333333333333;object-fit:contain;width:250px\" srcset=\"https:\/\/ploucquet.eu\/wp-content\/uploads\/2024\/07\/Logo_2.jpg 250w, https:\/\/ploucquet.eu\/wp-content\/uploads\/2024\/07\/Logo_2-150x150.jpg 150w, https:\/\/ploucquet.eu\/wp-content\/uploads\/2024\/07\/Logo_2-12x12.jpg 12w\" sizes=\"auto, (max-width: 250px) 100vw, 250px\" \/><\/figure>\n\n\n\n<figure class=\"wp-block-image size-full is-resized\"><img loading=\"lazy\" decoding=\"async\" width=\"250\" height=\"250\" src=\"https:\/\/homepage.ploucquet.eu\/wp-content\/uploads\/2024\/07\/Logo_3.jpg\" alt=\"\" class=\"wp-image-1544\" style=\"aspect-ratio:1.3333333333333333;object-fit:contain;width:250px\" srcset=\"https:\/\/ploucquet.eu\/wp-content\/uploads\/2024\/07\/Logo_3.jpg 250w, https:\/\/ploucquet.eu\/wp-content\/uploads\/2024\/07\/Logo_3-150x150.jpg 150w, https:\/\/ploucquet.eu\/wp-content\/uploads\/2024\/07\/Logo_3-12x12.jpg 12w\" sizes=\"auto, (max-width: 250px) 100vw, 250px\" \/><\/figure>\n<\/div>\n<\/div>\n<\/div>\n\n\n\n<div class=\"wp-block-group alignfull has-background has-global-padding is-layout-constrained wp-block-group-is-layout-constrained\" id=\"was-ist-ploucquet\" style=\"background-color:#d4555300\">\n<div class=\"wp-block-columns alignwide are-vertically-aligned-center tw-cols-stack-md is-layout-flex wp-container-core-columns-is-layout-d16b27b0 wp-block-columns-is-layout-flex tw-large-gap\">\n<div class=\"wp-block-column is-vertically-aligned-center has-global-padding is-layout-constrained wp-block-column-is-layout-constrained\" style=\"--col-width:45%;flex-basis:45%\">\n<figure class=\"wp-block-image size-full is-style-default\"><img loading=\"lazy\" decoding=\"async\" width=\"1890\" height=\"1417\" src=\"https:\/\/homepage.ploucquet.eu\/wp-content\/uploads\/2024\/06\/Hero.jpg\" alt=\"Schutzanzug\" class=\"wp-image-1366\" style=\"box-shadow:none;aspect-ratio:4\/3;object-fit:cover\" srcset=\"https:\/\/ploucquet.eu\/wp-content\/uploads\/2024\/06\/Hero.jpg 1890w, https:\/\/ploucquet.eu\/wp-content\/uploads\/2024\/06\/Hero-300x225.jpg 300w, https:\/\/ploucquet.eu\/wp-content\/uploads\/2024\/06\/Hero-1024x768.jpg 1024w, https:\/\/ploucquet.eu\/wp-content\/uploads\/2024\/06\/Hero-768x576.jpg 768w, https:\/\/ploucquet.eu\/wp-content\/uploads\/2024\/06\/Hero-1536x1152.jpg 1536w, https:\/\/ploucquet.eu\/wp-content\/uploads\/2024\/06\/Hero-16x12.jpg 16w\" sizes=\"auto, (max-width: 1890px) 100vw, 1890px\" \/><\/figure>\n<\/div>\n\n\n\n<div class=\"wp-block-column is-vertically-aligned-center is-style-default has-global-padding is-layout-constrained wp-block-column-is-layout-constrained\">\n<h2 class=\"wp-block-heading\" style=\"font-size:clamp(1.25rem, 1.25rem + ((1vw - 0.2rem) * 1.25), 2rem);\">The manufacturing process: 100% Made in Germany<\/h2>\n\n\n\n<p style=\"font-size:1rem\">Our finishing is the result of high-tech manufacturing processes that are controlled by highly trained employees. At Ploucquet, customised products are the answer to our customers' requirements. We are committed to durability, sustainability and the highest quality - values that we pursue with passion and dedication in every single step of our production.<\/p>\n<\/div>\n<\/div>\n\n\n\n<div class=\"wp-block-columns alignwide are-vertically-aligned-center tw-cols-stack-md is-layout-flex wp-container-core-columns-is-layout-09b21132 wp-block-columns-is-layout-flex tw-large-gap\" style=\"margin-top:80px\">\n<div class=\"wp-block-column is-vertically-aligned-center has-global-padding is-layout-constrained wp-block-column-is-layout-constrained\">\n<h2 class=\"wp-block-heading\" style=\"font-size:clamp(1.25rem, 1.25rem + ((1vw - 0.2rem) * 1.25), 2rem);\">In-house laboratory<\/h2>\n\n\n\n<p style=\"font-size:1rem\">Our laboratory offers fundamental reliability for project development decisions through production-integrated colourimetry processes and precise production monitoring. We offer development, testing and consulting in the fields of textile physics, thermics and chemistry to improve quality assurance and expand the application possibilities of textiles.<\/p>\n<\/div>\n\n\n\n<div class=\"wp-block-column is-vertically-aligned-center tw-md-order-first has-global-padding is-layout-constrained wp-block-column-is-layout-constrained\" style=\"--col-width:45%;flex-basis:45%\">\n<figure class=\"wp-block-image size-full is-style-default wp-duotone-unset-3\"><img loading=\"lazy\" decoding=\"async\" width=\"589\" height=\"441\" src=\"https:\/\/homepage.ploucquet.eu\/wp-content\/uploads\/2024\/07\/Bilder-Werk-Zittau-043.jpg\" alt=\"Firmeneigenes Labor\" class=\"wp-image-1665\" style=\"box-shadow:none;aspect-ratio:4\/3;object-fit:cover\" srcset=\"https:\/\/ploucquet.eu\/wp-content\/uploads\/2024\/07\/Bilder-Werk-Zittau-043.jpg 589w, https:\/\/ploucquet.eu\/wp-content\/uploads\/2024\/07\/Bilder-Werk-Zittau-043-300x225.jpg 300w, https:\/\/ploucquet.eu\/wp-content\/uploads\/2024\/07\/Bilder-Werk-Zittau-043-16x12.jpg 16w\" sizes=\"auto, (max-width: 589px) 100vw, 589px\" \/><\/figure>\n<\/div>\n<\/div>\n\n\n\n<div class=\"wp-block-columns alignwide are-vertically-aligned-center tw-cols-stack-md is-layout-flex wp-container-core-columns-is-layout-09b21132 wp-block-columns-is-layout-flex tw-large-gap\" style=\"margin-top:80px\">\n<div class=\"wp-block-column is-vertically-aligned-center has-global-padding is-layout-constrained wp-block-column-is-layout-constrained\" style=\"--col-width:45%;flex-basis:45%\">\n<figure class=\"wp-block-image size-full\"><img loading=\"lazy\" decoding=\"async\" width=\"698\" height=\"522\" src=\"https:\/\/homepage.ploucquet.eu\/wp-content\/uploads\/2024\/07\/Europa.jpg\" alt=\"Europa Fahne\" class=\"wp-image-1656\" style=\"box-shadow:none;aspect-ratio:4\/3;object-fit:cover\" srcset=\"https:\/\/ploucquet.eu\/wp-content\/uploads\/2024\/07\/Europa.jpg 698w, https:\/\/ploucquet.eu\/wp-content\/uploads\/2024\/07\/Europa-300x224.jpg 300w, https:\/\/ploucquet.eu\/wp-content\/uploads\/2024\/07\/Europa-16x12.jpg 16w\" sizes=\"auto, (max-width: 698px) 100vw, 698px\" \/><\/figure>\n<\/div>\n\n\n\n<div class=\"wp-block-column is-vertically-aligned-center has-global-padding is-layout-constrained wp-block-column-is-layout-constrained\">\n<h2 class=\"wp-block-heading\" style=\"font-size:clamp(1.25rem, 1.25rem + ((1vw - 0.2rem) * 1.25), 2rem);\">Business location Europe<\/h2>\n\n\n\n<p style=\"font-size:1rem\">We create connections! Ploucquet's Zittau site in the border triangle of Poland\/Czech Republic\/Germany offers perfect logistical connections to the markets of Eastern Europe. A guarantee for flexibility, speed and efficiency.<\/p>\n<\/div>\n<\/div>\n<\/div>\n\n\n\n<div class=\"wp-block-group alignfull has-custom-gunmetal-background-color has-background has-global-padding is-layout-constrained wp-container-core-group-is-layout-b673cb31 wp-block-group-is-layout-constrained\" style=\"margin-top:0;margin-bottom:0;padding-top:var(--wp--preset--spacing--30);padding-right:var(--wp--preset--spacing--50);padding-bottom:var(--wp--preset--spacing--30);padding-left:var(--wp--preset--spacing--50)\">\n<div class=\"wp-block-group alignwide has-custom-gunmetal-background-color has-background has-global-padding is-layout-constrained wp-container-core-group-is-layout-d8a87e06 wp-block-group-is-layout-constrained\" style=\"border-radius:16px;padding-top:var(--wp--preset--spacing--30);padding-right:var(--wp--preset--spacing--20);padding-bottom:var(--wp--preset--spacing--30);padding-left:var(--wp--preset--spacing--20)\">\n<div style=\"height:var(--wp--preset--spacing--10)\" aria-hidden=\"true\" class=\"wp-block-spacer\"><\/div>\n\n\n\n<h2 class=\"wp-block-heading has-text-align-center has-base-color has-text-color has-link-color wp-elements-4d3ef8bafbc20c78fd4ee0ef3391ecf3\" style=\"font-size:clamp(1.146rem, 1.146rem + ((1vw - 0.2rem) * 1.09), 1.8rem);\">Our company philosophy<\/h2>\n\n\n\n<p class=\"has-text-align-center has-base-color has-text-color has-link-color wp-elements-fb6ee6503125f8b07d65dacadaa9d96b\" style=\"font-size:1rem\">With a tradition that goes back over two centuries, Ploucquet has not only shaped the textile industry, but has also repeatedly set trends in the sector. Our strength lies in continuous development and adapting to the changing needs of our customers.<\/p>\n\n\n\n<div class=\"wp-block-buttons is-content-justification-center is-layout-flex wp-container-core-buttons-is-layout-a89b3969 wp-block-buttons-is-layout-flex\">\n<div class=\"wp-block-button\"><a class=\"wp-block-button__link has-custom-y-in-mn-blue-background-color has-background wp-element-button\" href=\"https:\/\/homepage.ploucquet.eu\/ueber-uns\/\" style=\"border-radius:0px;box-shadow:var(--wp--preset--shadow--natural)\" target=\"_blank\" rel=\"noopener noreferrer nofollow\">Learn more<\/a><\/div>\n<\/div>\n\n\n\n<div style=\"height:var(--wp--preset--spacing--10)\" aria-hidden=\"true\" class=\"wp-block-spacer\"><\/div>\n<\/div>\n<\/div>\n\n\n\n<div class=\"wp-block-group alignfull has-base-2-background-color has-background has-global-padding is-layout-constrained wp-container-core-group-is-layout-87b22ab7 wp-block-group-is-layout-constrained\" style=\"margin-top:0;margin-bottom:0;padding-top:var(--wp--preset--spacing--40);padding-right:var(--wp--preset--spacing--30);padding-bottom:var(--wp--preset--spacing--40);padding-left:var(--wp--preset--spacing--30)\">\n<h3 class=\"wp-block-heading has-text-align-center\" style=\"font-size:clamp(1.146rem, 1.146rem + ((1vw - 0.2rem) * 1.09), 1.8rem);\">Contact us<\/h3>\n\n\n\n<p class=\"has-text-align-center\"><strong>Ploucquet GmbH<br>Ostritzer Allee 8<br>02763 Zittau<\/strong><\/p>\n\n\n\n<p class=\"has-text-align-center has-small-font-size\" style=\"margin-top:8px\">+49 3583 87-0<\/p>\n\n\n\n<p class=\"has-text-align-center has-small-font-size\" style=\"margin-top:8px\">info@ploucquet-zittau.com<\/p>\n\n\n\n<div class=\"wp-block-buttons is-content-justification-center is-layout-flex wp-container-core-buttons-is-layout-a89b3969 wp-block-buttons-is-layout-flex\">\n<div class=\"wp-block-button is-style-outline is-style-outline--4\"><a class=\"wp-block-button__link has-text-align-center wp-element-button\" href=\"https:\/\/homepage.ploucquet.eu\/kontakt\/\" style=\"border-radius:0px;box-shadow:var(--wp--preset--shadow--natural)\" target=\"_blank\" rel=\"noopener noreferrer nofollow\">Contact us<\/a><\/div>\n<\/div>\n<\/div>","protected":false},"excerpt":{"rendered":"<p>Was ist Ploucquet? Ein Produkt ist immer nur so gut wie seine Idee und das Wissen, das dahinter steht. Ploucquet steht seit 1806 f\u00fcr eine verl\u00e4ssliche Quelle der Inspiration und des textilen Know-hows. Unsere Dienstleistungen sind das Ergebnis einer sorgf\u00e4ltigen Planung und pr\u00e4zisen Umsetzung, die den hohen Anspr\u00fcchen unserer Kunden gerecht werden. Ausgezeichnet und Zertifiziert [&hellip;]<\/p>\n","protected":false},"author":1,"featured_media":0,"parent":0,"menu_order":0,"comment_status":"closed","ping_status":"closed","template":"","meta":{"iawp_total_views":10357,"footnotes":""},"class_list":["post-6","page","type-page","status-publish","hentry"],"_links":{"self":[{"href":"https:\/\/ploucquet.eu\/en\/wp-json\/wp\/v2\/pages\/6","targetHints":{"allow":["GET"]}}],"collection":[{"href":"https:\/\/ploucquet.eu\/en\/wp-json\/wp\/v2\/pages"}],"about":[{"href":"https:\/\/ploucquet.eu\/en\/wp-json\/wp\/v2\/types\/page"}],"author":[{"embeddable":true,"href":"https:\/\/ploucquet.eu\/en\/wp-json\/wp\/v2\/users\/1"}],"replies":[{"embeddable":true,"href":"https:\/\/ploucquet.eu\/en\/wp-json\/wp\/v2\/comments?post=6"}],"version-history":[{"count":10,"href":"https:\/\/ploucquet.eu\/en\/wp-json\/wp\/v2\/pages\/6\/revisions"}],"predecessor-version":[{"id":2293,"href":"https:\/\/ploucquet.eu\/en\/wp-json\/wp\/v2\/pages\/6\/revisions\/2293"}],"wp:attachment":[{"href":"https:\/\/ploucquet.eu\/en\/wp-json\/wp\/v2\/media?parent=6"}],"curies":[{"name":"wp","href":"https:\/\/api.w.org\/{rel}","templated":true}]}}