{"id":1254,"date":"2024-06-02T15:32:11","date_gmt":"2024-06-02T13:32:11","guid":{"rendered":"https:\/\/homepage.ploucquet.eu\/?page_id=1254"},"modified":"2024-10-14T12:55:56","modified_gmt":"2024-10-14T10:55:56","slug":"beschichtung","status":"publish","type":"page","link":"https:\/\/ploucquet.eu\/en\/beschichtung\/","title":{"rendered":"Coating"},"content":{"rendered":"<div class=\"wp-block-group alignwide has-global-padding is-layout-constrained wp-block-group-is-layout-constrained\" style=\"padding-top:var(--wp--preset--spacing--30);padding-bottom:var(--wp--preset--spacing--30)\">\n<div class=\"wp-block-columns alignwide at-mobile-view-manage is-layout-flex wp-container-core-columns-is-layout-3e01baa4 wp-block-columns-is-layout-flex\" style=\"margin-top:0;margin-bottom:0\">\n<div class=\"wp-block-column is-vertically-aligned-center is-layout-flow wp-block-column-is-layout-flow\" style=\"--col-width:40%;flex-basis:40%\">\n<h3 class=\"wp-block-heading is-style-asterisk\" style=\"font-size:clamp(1.146rem, 1.146rem + ((1vw - 0.2rem) * 1.09), 1.8rem);\">Coating<\/h3>\n\n\n\n<ul style=\"line-height:1.75\" class=\"wp-block-list is-style-checkmark-list\">\n<li style=\"font-size:1rem\"><strong>Description:<\/strong> Application of a visible plastic layer on a textile substrate to modify properties.<\/li>\n\n\n\n<li style=\"font-size:1rem\"><strong>Process:<\/strong> Various processes such as paste and spot coatings on an aqueous basis or solvent\/transfer coatings.<\/li>\n\n\n\n<li style=\"font-size:1rem\"><strong>Applications and effects:<\/strong> Improved waterproofness, chemical resistance, abrasion resistance, UV resistance, gas \/ moisture permeability, flame retardant.<\/li>\n<\/ul>\n<\/div>\n\n\n\n<div class=\"wp-block-column is-vertically-aligned-center is-layout-flow wp-block-column-is-layout-flow\" style=\"--col-width:50%;flex-basis:50%\">\n<figure class=\"wp-block-image size-full is-resized has-custom-border is-style-default\"><img loading=\"lazy\" decoding=\"async\" width=\"588\" height=\"392\" src=\"https:\/\/homepage.ploucquet.eu\/wp-content\/uploads\/2024\/06\/Bilder-Werk-Zittau-029.jpg\" alt=\"\" class=\"wp-image-1355\" style=\"border-radius:0px;aspect-ratio:4\/3;object-fit:cover;width:603px;height:auto\" srcset=\"https:\/\/ploucquet.eu\/wp-content\/uploads\/2024\/06\/Bilder-Werk-Zittau-029.jpg 588w, https:\/\/ploucquet.eu\/wp-content\/uploads\/2024\/06\/Bilder-Werk-Zittau-029-300x200.jpg 300w, https:\/\/ploucquet.eu\/wp-content\/uploads\/2024\/06\/Bilder-Werk-Zittau-029-18x12.jpg 18w\" sizes=\"auto, (max-width: 588px) 100vw, 588px\" \/><\/figure>\n<\/div>\n<\/div>\n<\/div>\n\n\n\n<div class=\"wp-block-group alignfull has-base-2-background-color has-background has-global-padding is-layout-constrained wp-block-group-is-layout-constrained\">\n<div class=\"wp-block-columns alignwide tw-cols-stack-md-2 is-layout-flex wp-container-core-columns-is-layout-fa6b1ff9 wp-block-columns-is-layout-flex\">\n<div class=\"wp-block-column is-vertically-aligned-top has-base-background-color has-background is-layout-flow wp-block-column-is-layout-flow\">\n<figure class=\"wp-block-image size-full\"><img loading=\"lazy\" decoding=\"async\" width=\"951\" height=\"1100\" src=\"https:\/\/homepage.ploucquet.eu\/wp-content\/uploads\/2024\/09\/40.jpg\" alt=\"\" class=\"wp-image-2070\" style=\"aspect-ratio:4\/3;object-fit:cover\" srcset=\"https:\/\/ploucquet.eu\/wp-content\/uploads\/2024\/09\/40.jpg 951w, https:\/\/ploucquet.eu\/wp-content\/uploads\/2024\/09\/40-259x300.jpg 259w, https:\/\/ploucquet.eu\/wp-content\/uploads\/2024\/09\/40-885x1024.jpg 885w, https:\/\/ploucquet.eu\/wp-content\/uploads\/2024\/09\/40-768x888.jpg 768w, https:\/\/ploucquet.eu\/wp-content\/uploads\/2024\/09\/40-10x12.jpg 10w\" sizes=\"auto, (max-width: 951px) 100vw, 951px\" \/><\/figure>\n\n\n\n<div style=\"height:30px\" aria-hidden=\"true\" class=\"wp-block-spacer\"><\/div>\n\n\n\n<div class=\"wp-block-group is-layout-flow wp-block-group-is-layout-flow\" style=\"margin-top:0px;padding-top:24px;padding-right:35px;padding-bottom:24px;padding-left:35px\">\n<h3 class=\"wp-block-heading\" style=\"font-size:clamp(1.146rem, 1.146rem + ((1vw - 0.2rem) * 1.09), 1.8rem);\">Coating technology<\/h3>\n\n\n\n<p style=\"font-size:1rem\">Numerous coating options are guaranteed by six stenter frames. PU, acrylate, colour and foam coatings as well as two-colour prints are part of our portfolio.<\/p>\n<\/div>\n<\/div>\n\n\n\n<div class=\"wp-block-column is-vertically-aligned-top has-base-background-color has-background is-layout-flow wp-block-column-is-layout-flow\">\n<figure class=\"wp-block-image size-full\"><img loading=\"lazy\" decoding=\"async\" width=\"1164\" height=\"1200\" src=\"https:\/\/homepage.ploucquet.eu\/wp-content\/uploads\/2024\/09\/30.jpg\" alt=\"\" class=\"wp-image-2071\" style=\"aspect-ratio:4\/3;object-fit:cover\" srcset=\"https:\/\/ploucquet.eu\/wp-content\/uploads\/2024\/09\/30.jpg 1164w, https:\/\/ploucquet.eu\/wp-content\/uploads\/2024\/09\/30-291x300.jpg 291w, https:\/\/ploucquet.eu\/wp-content\/uploads\/2024\/09\/30-993x1024.jpg 993w, https:\/\/ploucquet.eu\/wp-content\/uploads\/2024\/09\/30-768x792.jpg 768w, https:\/\/ploucquet.eu\/wp-content\/uploads\/2024\/09\/30-12x12.jpg 12w\" sizes=\"auto, (max-width: 1164px) 100vw, 1164px\" \/><\/figure>\n\n\n\n<div style=\"height:30px\" aria-hidden=\"true\" class=\"wp-block-spacer\"><\/div>\n\n\n\n<div class=\"wp-block-group is-layout-flow wp-block-group-is-layout-flow\" style=\"margin-top:0px;padding-top:24px;padding-right:35px;padding-bottom:24px;padding-left:35px\">\n<h3 class=\"wp-block-heading\" style=\"font-size:clamp(1.146rem, 1.146rem + ((1vw - 0.2rem) * 1.09), 1.8rem);\">Equipment effects<\/h3>\n\n\n\n<p style=\"font-size:1rem\">Functional finishes fulfil ever-increasing quality requirements. Our stenter frames are equipped with foulards that enable the use of a wide range of applications such as MA application (minimum application on one side) and wet-on-wet finishing. The finishing effects achieved range from antibacterial, hydrophobic, hydrophilic to dimensionally stable, antistatic, odour-inhibiting, UV-blocking and much more.<\/p>\n<\/div>\n<\/div>\n<\/div>\n<\/div>\n\n\n\n<p><\/p>","protected":false},"excerpt":{"rendered":"<p>Beschichtung Beschichtungstechnik Zahlreiche Beschichtungsm\u00f6glichkeiten werden durch sechs Spannrahmen gew\u00e4hrleistet. PU-, Acrylat, Farb- und Schaumbeschichtungen sowie Zweifarbendrucke sind Teil unseres Portfolios. Ausr\u00fcstungseffekte Funktionale Ausr\u00fcstungen erf\u00fcllen immer h\u00f6her werdende Qualit\u00e4tsanspr\u00fcche. Unsere Spannrahmen sind mit Foulards ausger\u00fcstet, die den Einsatz vielf\u00e4ltiger Applikationen wie MA-Auftrag (einseitiger Minimalauftrag) und Nass-in-Nass-Ausr\u00fcstung erm\u00f6glichen. Die damit erzielten Ausr\u00fcstungseffekte reichen von antibakteriell, hydrophob, hydrophil [&hellip;]<\/p>\n","protected":false},"author":1,"featured_media":0,"parent":0,"menu_order":0,"comment_status":"closed","ping_status":"closed","template":"","meta":{"iawp_total_views":811,"footnotes":""},"class_list":["post-1254","page","type-page","status-publish","hentry"],"_links":{"self":[{"href":"https:\/\/ploucquet.eu\/en\/wp-json\/wp\/v2\/pages\/1254","targetHints":{"allow":["GET"]}}],"collection":[{"href":"https:\/\/ploucquet.eu\/en\/wp-json\/wp\/v2\/pages"}],"about":[{"href":"https:\/\/ploucquet.eu\/en\/wp-json\/wp\/v2\/types\/page"}],"author":[{"embeddable":true,"href":"https:\/\/ploucquet.eu\/en\/wp-json\/wp\/v2\/users\/1"}],"replies":[{"embeddable":true,"href":"https:\/\/ploucquet.eu\/en\/wp-json\/wp\/v2\/comments?post=1254"}],"version-history":[{"count":7,"href":"https:\/\/ploucquet.eu\/en\/wp-json\/wp\/v2\/pages\/1254\/revisions"}],"predecessor-version":[{"id":2158,"href":"https:\/\/ploucquet.eu\/en\/wp-json\/wp\/v2\/pages\/1254\/revisions\/2158"}],"wp:attachment":[{"href":"https:\/\/ploucquet.eu\/en\/wp-json\/wp\/v2\/media?parent=1254"}],"curies":[{"name":"wp","href":"https:\/\/api.w.org\/{rel}","templated":true}]}}